{"id":701,"date":"2011-05-20T18:49:43","date_gmt":"2011-05-20T18:49:43","guid":{"rendered":"http:\/\/wpthemetestdata.wordpress.com\/?page_id=701"},"modified":"2026-04-10T10:37:45","modified_gmt":"2026-04-10T10:37:45","slug":"front-page","status":"publish","type":"page","link":"https:\/\/ccilc.pt\/en\/","title":{"rendered":"Front Page"},"content":{"rendered":"<div class=\"fw-page-builder-content\">\n<h2 class=\"default-heading\">Front Page<\/h2>\n<h2 class=\"default-heading\">Front Page<\/h2>\n<p><a class='noloading' id='9819' href=\"http:\/\/ccilc.pt\/en\/services\/consulting\/\"><br \/>\n <img width=\"570\" height=\"182\" src=\"https:\/\/ccilc.pt\/en\/wp-content\/uploads\/2022\/01\/ezgif.com-gif-maker.gif\" class=\"attachment- size- wp-post-image\" alt=\"\" decoding=\"async\" loading=\"lazy\" \/> <\/p>\n<h4 class='title'>Banner 1<\/h4>\n<p> <\/a><\/p>\n<p><a class='noloading' id='9818' href=\"https:\/\/unaseguros.pt\/\"><br \/>\n <img width=\"1200\" height=\"383\" src=\"https:\/\/ccilc.pt\/en\/wp-content\/uploads\/2022\/01\/Banner-Video_5.gif\" class=\"attachment- size- wp-post-image\" alt=\"\" decoding=\"async\" loading=\"lazy\" \/> <\/p>\n<h4 class='title'>Banner 2<\/h4>\n<p> <\/a><\/p>\n<h2 class=\"default-heading\">Banner 2<\/h2>\n<h2 class=\"default-heading\">Banner 2<\/h2>\n<h4 class=\"text-center titulo-noticias-home\">EVENTS<\/h4>\n<h4\n class=\"fw-special-title\"\n style=\"font-weight: bold;\">NEWS<br \/>\n <\/h4>\n<p> <img decoding=\"async\" src=\"https:\/\/ccilc.pt\/en\/wp-content\/uploads\/2026\/04\/Screenshot-2026-04-10-09.12.00-777x429.png\" alt=\"CCILC Macau delegation signs strategic cooperation agreement during economic visit to Changsha\" ><br \/>\n <a href=\"https:\/\/ccilc.pt\/en\/imprensa\/ccilc-macau-delegation-signs-strategic-cooperation-agreement-during-economic-visit-to-changsha\/\" title=\"CCILC Macau delegation signs strategic cooperation agreement during economic visit to Changsha\"><\/a><br \/>\n <a href=\"https:\/\/ccilc.pt\/en\/imprensa\/ccilc-macau-delegation-signs-strategic-cooperation-agreement-during-economic-visit-to-changsha\/\" title=\"CCILC Macau delegation signs strategic cooperation agreement during economic visit to Changsha\">CCILC Macau delegation signs strategic cooperation agreement during economic visit to Changsha<\/a><br \/>\n The Portugal-China Chamber of Commerce and Industry (CCILC) Macau delegation, led by President Carlos Cid Alvares, paid an official visit to Changsha, the capital of China\u2019s Hunan province, to deepen economic links and advance cooperation plans ahead of the formal opening of the CCILC Delegation in Changsha, scheduled for 2026. During the trip, the delegation met with the local CCILC team already operating in Changsha and held discussions with key institutions and business leaders. A major highlight was a symposium with the Changsha Federation of Industry and Commerce, where both sides signed a Strategic Cooperation Memorandum of Understanding (MoU). The [&hellip;]<br \/>\n <img decoding=\"async\" src=\"https:\/\/ccilc.pt\/en\/wp-content\/uploads\/2026\/03\/Gemini_Generated_Image_hoh8fghoh8fghoh8-800x768.png\" alt=\"Portugal and China anticipate possible collaboration\" ><br \/>\n <a href=\"https:\/\/ccilc.pt\/en\/imprensa\/portugal-and-china-anticipate-possible-collaboration\/\" title=\"Portugal and China anticipate possible collaboration\"><\/a><br \/>\n <a href=\"https:\/\/ccilc.pt\/en\/imprensa\/portugal-and-china-anticipate-possible-collaboration\/\" title=\"Portugal and China anticipate possible collaboration\">Portugal and China anticipate possible collaboration<\/a><br \/>\n Yang Yirui, Ambassador of the People&#8217;s Republic of China to Portugal, predicts that Portugal and China could collaborate in the construction of automobiles. At the international conference &#8216;Together, We Create the Future \u2013 Together, Leading the Way&#8217;, organised by the National Association of the Automotive Sector (ARAN), the Chinese ambassador stated that &#8220;China and Portugal have great potential to collaborate in this area,&#8221; as quoted by\u00a0AIECP. According to the same source, Yang Yirui affirms that &#8220;Portugal possesses unique advantages in the production of parts and renewable energies,&#8221; while &#8220;China has vast experience in the manufacture of complete vehicles, batteries, and [&hellip;]<br \/>\n <img decoding=\"async\" src=\"https:\/\/ccilc.pt\/en\/wp-content\/uploads\/2026\/03\/Screenshot-2026-03-13-13.47.15-e1773410201503-800x503.png\" alt=\"A Chinese brand is considering entering Formula 1 with its own team\" ><br \/>\n <a href=\"https:\/\/ccilc.pt\/en\/imprensa\/12284\/\" title=\"A Chinese brand is considering entering Formula 1 with its own team\"><\/a><br \/>\n <a href=\"https:\/\/ccilc.pt\/en\/imprensa\/12284\/\" title=\"A Chinese brand is considering entering Formula 1 with its own team\">A Chinese brand is considering entering Formula 1 with its own team<\/a><br \/>\n Creating a team from scratch or buying an existing one are options being considered. The Chinese electric vehicle manufacturer BYD is studying the possibility of entering top-level motorsport competitions such as Formula 1 or the FIA World Endurance Championship. BYD\u2019s interest in joining these championships comes at a time when motorsport is moving toward more complex hybrid systems, an area in which the Chinese manufacturer has developed its own technology for its electric and hybrid vehicles. A potential entry into Formula 1 would mean the direct participation of a Chinese manufacturer in a championship historically dominated by European and North [&hellip;]<br \/>\n <img decoding=\"async\" src=\"https:\/\/ccilc.pt\/en\/wp-content\/uploads\/2026\/03\/Screenshot-2026-03-13-13.28.27-800x549.png\" alt=\"China approves plan until 2030 focused on technology and domestic consumption\" ><br \/>\n <a href=\"https:\/\/ccilc.pt\/en\/imprensa\/china-approves-plan-until-2030-focused-on-technology-and-domestic-consumption\/\" title=\"China approves plan until 2030 focused on technology and domestic consumption\"><\/a><br \/>\n <a href=\"https:\/\/ccilc.pt\/en\/imprensa\/china-approves-plan-until-2030-focused-on-technology-and-domestic-consumption\/\" title=\"China approves plan until 2030 focused on technology and domestic consumption\">China approves plan until 2030 focused on technology and domestic consumption<\/a><br \/>\n Analysts have pointed out that China\u2019s economic growth remains heavily dependent on exports and state investment, while household consumption remains limited due to relatively low wages, high housing costs, and a weak social protection system. China\u2019s National People\u2019s Congress approved today the general guidelines of the 15th Five-Year Plan (2026\u20132030), which will guide the country\u2019s economic policy over the next five years, reinforcing the focus on technology and domestic consumption. The document, approved at the closing of the annual session of the Chinese legislative body, establishes as a priority \u201cstrengthening the role of domestic demand as the main driver of [&hellip;]<br \/>\n <img decoding=\"async\" src=\"https:\/\/ccilc.pt\/en\/wp-content\/uploads\/2026\/02\/Screenshot-2026-03-16-15.25.23-800x446.png\" alt=\"China to buy up to 120 Airbus aircraft, Germany&#8217;s Merz says during Beijing visit\" ><br \/>\n <a href=\"https:\/\/ccilc.pt\/en\/imprensa\/china-to-buy-up-to-120-airbus-aircraft-germanys-merz-says-during-beijing-visit\/\" title=\"China to buy up to 120 Airbus aircraft, Germany&#8217;s Merz says during Beijing visit\"><\/a><br \/>\n <a href=\"https:\/\/ccilc.pt\/en\/imprensa\/china-to-buy-up-to-120-airbus-aircraft-germanys-merz-says-during-beijing-visit\/\" title=\"China to buy up to 120 Airbus aircraft, Germany&#8217;s Merz says during Beijing visit\">China to buy up to 120 Airbus aircraft, Germany&#8217;s Merz says during Beijing visit<\/a><br \/>\n German Chancellor Friedrich Merz met with Chinese leader Xi Jinping and Premier Li Qiang on Wednesday to deepen ties between two of the world&#8217;s leading economies. China will order up to 120 additional aircraft from European aviation giant Airbus, German Chancellor Friedrich Merz said, as he travelled to Beijing to deepen ties between his country and Asia&#8217;s largest economy. &#8220;The Chinese leadership will be ordering a larger number of additional aircraft from Airbus. The total order will include up to 120 additional aircraft,&#8221; Merz told reporters after his meeting with Xi, adding that it &#8220;demonstrates how worthwhile such trips can [&hellip;]<br \/>\n <img decoding=\"async\" src=\"https:\/\/ccilc.pt\/en\/wp-content\/uploads\/2026\/02\/Screenshot-2026-02-27-16.45.16-800x617.png\" alt=\"China-Europe freight train&#8217;s eastern corridor surpassed 1,000 trips in 2026.\" ><br \/>\n <a href=\"https:\/\/ccilc.pt\/en\/imprensa\/12270\/\" title=\"China-Europe freight train&#8217;s eastern corridor surpassed 1,000 trips in 2026.\"><\/a><br \/>\n <a href=\"https:\/\/ccilc.pt\/en\/imprensa\/12270\/\" title=\"China-Europe freight train&#8217;s eastern corridor surpassed 1,000 trips in 2026.\">China-Europe freight train&#8217;s eastern corridor surpassed 1,000 trips in 2026.<\/a><br \/>\n By February 26, 2026, the eastern corridor of the China-Europe freight rail network had already surpassed the 1,000-trip mark for the year, reaching this level 26 days earlier compared to 2025. The corridor consists of three main rail ports\u2014Manzhouli, Suifenhe, and Tongjiang\u2014and currently has 27 routes in operation, connecting more than 60 Chinese cities to 14 European countries, consolidating itself as an important logistics axis for Sino-European trade. Source: Di\u00e1rio do Povo Online Translated with AI<br \/>\n<a href=\"\/en\/press\" target=\"_self\" class=\"fw-btn fw-btn-1 fw-btn-red\"><br \/>\n VIEW ALL NEWS<br \/>\n<\/a><\/p>\n<h2 class=\"default-heading\">China-Europe freight train&#8217;s eastern corridor surpassed 1,000 trips in 2026.<\/h2>\n<h2 class=\"default-heading\">China-Europe freight train&#8217;s eastern corridor surpassed 1,000 trips in 2026.<\/h2>\n<h2\n class=\"fw-special-title\"\n style=\"\">SERVICES<br \/>\n <\/h2>\n<p><a target=\"_blank\" href=\"http:\/\/ccilc.pt\/en\/services\/foreign-trade\/\"><img decoding=\"async\" src=\"https:\/\/ccilc.pt\/en\/wp-content\/uploads\/2017\/05\/1.2.png\" alt=\"Com\u00e9rcio Externo\" title=\"Com\u00e9rcio Externo\"><\/a><a target=\"_blank\" href=\"http:\/\/ccilc.pt\/en\/investment-attraction\/\"><img decoding=\"async\" src=\"https:\/\/ccilc.pt\/en\/wp-content\/uploads\/2017\/05\/2.2.png\" alt=\"Investimento\" title=\"Investimento\"><\/a><a target=\"_blank\" href=\"http:\/\/ccilc.pt\/en\/services\/consulting\/\"><img decoding=\"async\" src=\"https:\/\/ccilc.pt\/en\/wp-content\/uploads\/2017\/05\/3.2.png\" alt=\"Assessoria\" title=\"Assessoria\"><\/a><a target=\"_blank\" href=\"http:\/\/ccilc.pt\/en\/services\/legal-and-fiscal-consulting\/\"><img decoding=\"async\" src=\"https:\/\/ccilc.pt\/en\/wp-content\/uploads\/2017\/05\/4.2-1.png\" alt=\"Consultoria Jur\u00eddica e Fiscal\" title=\"Consultoria Jur\u00eddica e Fiscal\"><\/a><a target=\"_blank\" href=\"http:\/\/ccilc.pt\/en\/services\/networking-events-and-business-missions\/\"><img decoding=\"async\" src=\"https:\/\/ccilc.pt\/en\/wp-content\/uploads\/2017\/05\/5.2.png\" alt=\"Eventos e Miss\u00f5es\" title=\"Eventos e Miss\u00f5es\"><\/a><a target=\"_blank\" href=\"http:\/\/ccilc.pt\/en\/services\/communication-and-information\/\"><img decoding=\"async\" src=\"https:\/\/ccilc.pt\/en\/wp-content\/uploads\/2017\/05\/6.2.png\" alt=\"Comunica\u00e7\u00e3o e Informa\u00e7\u00e3o\" title=\"Comunica\u00e7\u00e3o e Informa\u00e7\u00e3o\"><\/a><a target=\"_blank\" href=\"http:\/\/ccilc.pt\/en\/services\/translation-and-language-interpretation\/\"><img decoding=\"async\" src=\"https:\/\/ccilc.pt\/en\/wp-content\/uploads\/2017\/05\/7.2.png\" alt=\"Tradu\u00e7\u00e3o e Interpreta\u00e7\u00e3o\" title=\"Tradu\u00e7\u00e3o e Interpreta\u00e7\u00e3o\"><\/a><a target=\"_blank\" href=\"http:\/\/ccilc.pt\/en\/services\/linguistic-cultural-and-business-training\/\"><img decoding=\"async\" src=\"https:\/\/ccilc.pt\/en\/wp-content\/uploads\/2017\/05\/8.2.png\" alt=\"Forma\u00e7\u00e3o\" title=\"Forma\u00e7\u00e3o\"><\/a><\/p>\n<h2 class=\"default-heading\">China-Europe freight train&#8217;s eastern corridor surpassed 1,000 trips in 2026.<\/h2>\n<h2 class=\"default-heading\">China-Europe freight train&#8217;s eastern corridor surpassed 1,000 trips in 2026.<\/h2>\n<p> PORTUGAL-CHINA RELATIONS<\/p>\n<h2 class=\"default-heading\">China-Europe freight train&#8217;s eastern corridor surpassed 1,000 trips in 2026.<\/h2>\n<p> Investment<\/p>\n<h4\n class=\"fw-special-title\"\n style=\" color: #dd3333;\">CN\u2192PT (M\u20ac)<br \/>\n <\/h4>\n<p> Exports<\/p>\n<h4\n class=\"fw-special-title\"\n style=\" color: #dd3333;\">PT\u2192CN (%)<br \/>\n <\/h4>\n<p> Tourism Income<\/p>\n<h4\n class=\"fw-special-title\"\n style=\" color: #dd3333;\">CN\u2192PT<br \/>\n <\/h4>\n<h2 class=\"default-heading\">China-Europe freight train&#8217;s eastern corridor surpassed 1,000 trips in 2026.<\/h2>\n<h2 class=\"default-heading\">China-Europe freight train&#8217;s eastern corridor surpassed 1,000 trips in 2026.<\/h2>\n<p><a class='noloading' id='9679' href=\"http:\/\/ccilc.pt\/en\/contactos\/\"><br \/>\n <img width=\"570\" height=\"305\" src=\"https:\/\/ccilc.pt\/en\/wp-content\/uploads\/2021\/11\/tradEN.jpg\" class=\"attachment- size- wp-post-image\" alt=\"\" decoding=\"async\" loading=\"lazy\" srcset=\"https:\/\/ccilc.pt\/en\/wp-content\/uploads\/2021\/11\/tradEN.jpg 570w, https:\/\/ccilc.pt\/en\/wp-content\/uploads\/2021\/11\/tradEN-300x161.jpg 300w\" sizes=\"auto, (max-width: 570px) 100vw, 570px\" \/> <\/p>\n<h4 class='title'>Banner 3<\/h4>\n<p> <\/a><\/p>\n<p><a class='noloading' id='9680' href=\"\"><br \/>\n <img width=\"570\" height=\"305\" src=\"https:\/\/ccilc.pt\/en\/wp-content\/uploads\/2020\/08\/Webp.net-gifmaker-2.gif\" class=\"attachment- size- wp-post-image\" alt=\"\" decoding=\"async\" loading=\"lazy\" \/> <\/p>\n<h4 class='title'>Banner 4<\/h4>\n<p> <\/a><\/p>\n<h2 class=\"default-heading\">Banner 4<\/h2>\n<h2 class=\"default-heading\">Banner 4<\/h2>\n<h2\n class=\"fw-special-title\"\n style=\"\">CORPORATE AND EXECUTIVE<br \/>\n <\/h2>\n<h2 class=\"default-heading\">Banner 4<\/h2>\n<p><a target=\"_blank\" href=\"https:\/\/btocnet.com\/\"><img decoding=\"async\" src=\"https:\/\/ccilc.pt\/en\/wp-content\/uploads\/2021\/07\/Screenshot_1.jpg\" alt=\"BTOCNET\" title=\"BTOCNET\"><\/a><a target=\"_blank\" href=\"https:\/\/www.alibabagroup.com\/\"><img decoding=\"async\" src=\"https:\/\/ccilc.pt\/en\/wp-content\/uploads\/2023\/06\/227dd295-99df-4f13-86b8-767b17c69c04.png\" alt=\"Alibaba Group\" title=\"Alibaba Group\"><\/a><a target=\"_blank\" href=\"https:\/\/www.grupojap.pt\/\"><img decoding=\"async\" src=\"https:\/\/ccilc.pt\/en\/wp-content\/uploads\/2023\/06\/JAP-1.png\" alt=\"Group JAP\" title=\"Group JAP\"><\/a><a target=\"_blank\" href=\"https:\/\/www.elcorteingles.es\/\"><img decoding=\"async\" src=\"https:\/\/ccilc.pt\/en\/wp-content\/uploads\/2017\/11\/7_EXCUTIVE_ECI-1.png\" alt=\"El Corte Ingl\u00e9s - Grandes Armanz\u00e9s, SA\" title=\"El Corte Ingl\u00e9s - Grandes Armanz\u00e9s, SA\"><\/a><a target=\"_blank\" href=\"https:\/\/www.claranet.com\/\"><img decoding=\"async\" src=\"https:\/\/ccilc.pt\/en\/wp-content\/uploads\/2024\/08\/Screenshot_8.jpg\" alt=\"Claranet Portugal, SA\" title=\"Claranet Portugal, SA\"><\/a><a target=\"_blank\" href=\"https:\/\/www.hikvision.com\/pt\/\"><img decoding=\"async\" src=\"https:\/\/ccilc.pt\/en\/wp-content\/uploads\/2024\/08\/Screenshot_12.jpg\" alt=\"HIK Vision Spain - Sucursal de Portugal\" title=\"HIK Vision Spain - Sucursal de Portugal\"><\/a><a target=\"_blank\" href=\"https:\/\/caetanoretail.pt\/\"><img decoding=\"async\" src=\"https:\/\/ccilc.pt\/en\/wp-content\/uploads\/2024\/11\/salvador.jpg\" alt=\"CAETANO AUTOMOTIVE PORTUGAL, S.A.\" title=\"CAETANO AUTOMOTIVE PORTUGAL, S.A.\"><\/a><a target=\"_blank\" href=\"https:\/\/gcimedia.pt\/en\/home-en\/\"><img decoding=\"async\" src=\"https:\/\/ccilc.pt\/en\/wp-content\/uploads\/2024\/11\/Screenshot_2.jpg\" alt=\"GCI, Gestores de Comunnica\u00e7\u00e3o Integrada LDA\" title=\"GCI, Gestores de Comunnica\u00e7\u00e3o Integrada LDA\"><\/a><a target=\"_blank\" href=\"https:\/\/www.mota-engil.com\/en\/\"><img decoding=\"async\" src=\"https:\/\/ccilc.pt\/en\/wp-content\/uploads\/2022\/12\/Screenshot_3.jpg\" alt=\"MOTA-ENGIL SGPS, S.A\" title=\"MOTA-ENGIL SGPS, S.A\"><\/a><a target=\"_blank\" href=\"https:\/\/lektou.com\/\"><img decoding=\"async\" src=\"https:\/\/ccilc.pt\/en\/wp-content\/uploads\/2017\/11\/rato_ling_lei_cortes.png\" alt=\"Rato &#038; Cort\u00e9s, Sociedade De Advogados, SP RL\" title=\"Rato &#038; Cort\u00e9s, Sociedade De Advogados, SP RL\"><\/a><img decoding=\"async\" src=\"https:\/\/ccilc.pt\/en\/wp-content\/uploads\/2025\/11\/UCP_CPBS_black-V.png\" alt=\"Cat\u00f3lica Porto Business School\" title=\"Cat\u00f3lica Porto Business School\" style=\"max-width:200px; padding-left: 10px; padding-right:10px\" ><a target=\"_blank\" href=\"https:\/\/www.edp.pt\/\"><img decoding=\"async\" src=\"https:\/\/ccilc.pt\/en\/wp-content\/uploads\/2017\/11\/EDP_Group_MasterLogo_RRGB_Light_POS.png\" alt=\"EDP\" title=\"EDP\"><\/a><a target=\"_blank\" href=\"http:\/\/www.ctgpc.com\/\"><img decoding=\"async\" src=\"https:\/\/ccilc.pt\/en\/wp-content\/uploads\/2017\/11\/CTG.jpg\" alt=\"CTG\" title=\"CTG\"><\/a><a target=\"_blank\" href=\"http:\/\/www.estoril-solsgps.com\/\"><img decoding=\"async\" src=\"https:\/\/ccilc.pt\/en\/wp-content\/uploads\/2017\/07\/Estoril-Sol-Logo.png\" alt=\"Estoril Sol\" title=\"Estoril Sol\"><\/a><a target=\"_blank\" href=\"https:\/\/www.fidelidade.pt\/PT\/particulares\/Paginas\/default.aspx\"><img decoding=\"async\" src=\"https:\/\/ccilc.pt\/en\/wp-content\/uploads\/2017\/07\/logo.png\" alt=\"Fidelidade\" title=\"Fidelidade\"><\/a><a target=\"_blank\" href=\"http:\/\/grupo8.pt\"><img decoding=\"async\" src=\"https:\/\/ccilc.pt\/en\/wp-content\/uploads\/2018\/12\/Grupo8.png\" alt=\"Grupo 8\" title=\"Grupo 8\"><\/a><a target=\"_blank\" href=\"http:\/\/www.globalmediagroup.pt\/\"><img decoding=\"async\" src=\"https:\/\/ccilc.pt\/en\/wp-content\/uploads\/2019\/04\/esfsffse.png\" alt=\"KNJ Investment Limited\" title=\"KNJ Investment Limited\"><\/a><a target=\"_blank\" href=\"http:\/\/ind.millenniumbcp.pt\/pt\/particulares\/Pages\/Welcome.aspx\"><img decoding=\"async\" src=\"https:\/\/ccilc.pt\/en\/wp-content\/uploads\/2017\/11\/7_CORPORATE_logo-Millennium.jpg\" alt=\"MillenniumBCP\" title=\"MillenniumBCP\"><\/a><a target=\"_blank\" href=\"https:\/\/www.novobanco.pt\/site\/\"><img decoding=\"async\" src=\"https:\/\/ccilc.pt\/en\/wp-content\/uploads\/2017\/11\/8_CORPORATE_Copy-of-novo_banco_logotipo_cut.png\" alt=\"Novo Banco\" title=\"Novo Banco\"><\/a><a target=\"_blank\" href=\"https:\/\/www.ascenza.pt\"><img decoding=\"async\" src=\"https:\/\/ccilc.pt\/en\/wp-content\/uploads\/2017\/11\/ASCENZA_LOGO_Vertical_RGB.png\" alt=\"Ascenza\" title=\"Ascenza\"><\/a><a target=\"_blank\" href=\"http:\/\/quintamarmeleira.com\/\"><img decoding=\"async\" src=\"https:\/\/ccilc.pt\/en\/wp-content\/uploads\/2018\/07\/quinta-da-marmeleira.png\" alt=\"Quinta da Marmeleira\" title=\"Quinta da Marmeleira\"><\/a><a target=\"_blank\" href=\"https:\/\/www.apcergroup.com\/portugal\/index.php\/pt\/\"><img decoding=\"async\" src=\"https:\/\/ccilc.pt\/en\/wp-content\/uploads\/2017\/11\/logoAPCER_EN.png\" alt=\"apcer\" title=\"apcer\"><\/a><a target=\"_blank\" href=\"https:\/\/www.bisonbank.com\/\"><img decoding=\"async\" src=\"https:\/\/ccilc.pt\/en\/wp-content\/uploads\/2019\/07\/bison-bank_horizontal-logo.png\" alt=\"Bison Bank\" title=\"Bison Bank\"><\/a><a target=\"_blank\" href=\"http:\/\/www.bancobpi.pt\/particulares\"><img decoding=\"async\" src=\"https:\/\/ccilc.pt\/en\/wp-content\/uploads\/2017\/11\/3_EXECUTIVE_PATROCINADORESbpi.png\" alt=\"BPI\" title=\"BPI\"><\/a><a target=\"_blank\" href=\"https:\/\/www.cgd.pt\/Particulares\/Pages\/Particulares_v2.aspx\"><img decoding=\"async\" src=\"https:\/\/ccilc.pt\/en\/wp-content\/uploads\/2017\/07\/5_EXECUTIVE_CGD_Portugal_Mar2017-02.jpg\" alt=\"CGD\" title=\"CGD\"><\/a><a target=\"_blank\" href=\"https:\/\/english.cscec.com\/\"><img decoding=\"async\" src=\"https:\/\/ccilc.pt\/en\/wp-content\/uploads\/2019\/12\/cSCEc.jpg\" alt=\"China State Construction\" title=\"China State Construction\"><\/a><a target=\"_blank\" href=\"https:\/\/www.cuatrecasas.com\/\"><img decoding=\"async\" src=\"https:\/\/ccilc.pt\/en\/wp-content\/uploads\/2017\/11\/7_EXECUTIVE_cuatrecasas-logo-1.jpg\" alt=\"CUATRECASAS\" title=\"CUATRECASAS\"><\/a><a target=\"_blank\" href=\"https:\/\/www.haitongib.com\/en\"><img decoding=\"async\" src=\"https:\/\/ccilc.pt\/en\/wp-content\/uploads\/2017\/07\/haitong-logo.png\" alt=\"Haitong Bank\" title=\"Haitong Bank\"><\/a><a target=\"_blank\" href=\"https:\/\/www.huawei.com\/en\/\"><img decoding=\"async\" src=\"https:\/\/ccilc.pt\/en\/wp-content\/uploads\/2017\/11\/\u7ad6\u7248\u534e\u4e3a\u516c\u53f8\u6807\u5fd7-Vertical-Version-of-Huawei-Corporate-Logo_2018.png\" alt=\"Huawei\" title=\"Huawei\"><\/a><a target=\"_blank\" href=\"https:\/\/www.ren.pt\/en-GB\"><img decoding=\"async\" src=\"https:\/\/ccilc.pt\/en\/wp-content\/uploads\/2017\/11\/10_EXECUTIVE_REN.png\" alt=\"REN\" title=\"REN\"><\/a><a target=\"_blank\" href=\"https:\/\/www.tmg.pt\/\"><img decoding=\"async\" src=\"https:\/\/ccilc.pt\/en\/wp-content\/uploads\/2020\/05\/Screenshot_28.png\" alt=\"TMG Automotive\" title=\"TMG Automotive\"><\/a><a target=\"_blank\" href=\"https:\/\/www.uc.pt\/en\"><img decoding=\"async\" src=\"https:\/\/ccilc.pt\/en\/wp-content\/uploads\/2017\/11\/UC_V_FundoClaro-negro.png\" alt=\"UC\" title=\"UC\"><\/a><\/p>\n<h2 class=\"default-heading\">Banner 4<\/h2>\n<p> NEW<\/p>\n<h2\n class=\"fw-special-title\"\n style=\"\">ASSOCIATED MEMBERS<br \/>\n <\/h2>\n<h2 class=\"default-heading\">Banner 4<\/h2>\n<h2 class=\"default-heading\">Banner 4<\/h2>\n<h2 class=\"default-heading\">Banner 4<\/h2>\n<p> <a href=\"https:\/\/www.pbs.up.pt\/\" target=\"_self\" ><img decoding=\"async\" src=\"\/\/ccilc.pt\/en\/wp-content\/uploads\/2026\/03\/Horizontal-Preto-scaled.png\" alt=\"\/\/ccilc.pt\/en\/wp-content\/uploads\/2026\/03\/Horizontal-Preto-scaled.png\" \/><\/a><br \/>\n <a href=\"https:\/\/escolachinesa.pt\/\" target=\"_blank\" ><img decoding=\"async\" src=\"\/\/ccilc.pt\/en\/wp-content\/uploads\/2026\/04\/Screenshot-2026-04-10-10.07.32.png\" alt=\"\/\/ccilc.pt\/en\/wp-content\/uploads\/2026\/04\/Screenshot-2026-04-10-10.07.32.png\" \/><\/a><br \/>\n <a href=\"https:\/\/www.powershield.pt\/\" target=\"_blank\" ><img decoding=\"async\" src=\"\/\/ccilc.pt\/en\/wp-content\/uploads\/2026\/04\/1000127937-1.png\" alt=\"\/\/ccilc.pt\/en\/wp-content\/uploads\/2026\/04\/1000127937-1.png\" \/><\/a><br \/>\n <a href=\"https:\/\/aegiscapitalpartners.co.uk\/\" target=\"_blank\" ><img decoding=\"async\" src=\"\/\/ccilc.pt\/en\/wp-content\/uploads\/2026\/04\/Screenshot-2026-04-10-10.18.49.png\" alt=\"\/\/ccilc.pt\/en\/wp-content\/uploads\/2026\/04\/Screenshot-2026-04-10-10.18.49.png\" \/><\/a><\/p>\n<h2 class=\"default-heading\">Banner 4<\/h2>\n<p><!-- 5f49c80b6397055ede8fda6af5c76983 --><\/div>\n","protected":false},"excerpt":{"rendered":"<p>The Truth About Chiropractors Posted on Dec 10, 2015July 22, 2016 &#8211; 9:03 Nutritional Counseling in Medford Posted on Dec 10, 2015July 21, 2016 &#8211; 13:26 Integrating Chiropractic Care with Other Doctors Posted on Dec 10, 2015July 21, 2016 &#8211; 13:28 Fibromyalgia Pain Management Update Posted on Dec 10, 2015July 21, 2016 &#8211; 13:35 Cold&hellip;<\/p>\n","protected":false},"author":1,"featured_media":0,"parent":0,"menu_order":0,"comment_status":"closed","ping_status":"closed","template":"","meta":{"_acf_changed":false,"footnotes":""},"class_list":["post-701","page","type-page","status-publish","hentry"],"acf":[],"_links":{"self":[{"href":"https:\/\/ccilc.pt\/en\/wp-json\/wp\/v2\/pages\/701","targetHints":{"allow":["GET"]}}],"collection":[{"href":"https:\/\/ccilc.pt\/en\/wp-json\/wp\/v2\/pages"}],"about":[{"href":"https:\/\/ccilc.pt\/en\/wp-json\/wp\/v2\/types\/page"}],"author":[{"embeddable":true,"href":"https:\/\/ccilc.pt\/en\/wp-json\/wp\/v2\/users\/1"}],"replies":[{"embeddable":true,"href":"https:\/\/ccilc.pt\/en\/wp-json\/wp\/v2\/comments?post=701"}],"version-history":[{"count":212,"href":"https:\/\/ccilc.pt\/en\/wp-json\/wp\/v2\/pages\/701\/revisions"}],"predecessor-version":[{"id":12318,"href":"https:\/\/ccilc.pt\/en\/wp-json\/wp\/v2\/pages\/701\/revisions\/12318"}],"wp:attachment":[{"href":"https:\/\/ccilc.pt\/en\/wp-json\/wp\/v2\/media?parent=701"}],"curies":[{"name":"wp","href":"https:\/\/api.w.org\/{rel}","templated":true}]}}