{"id":6980,"date":"2018-06-04T09:03:01","date_gmt":"2018-06-04T09:03:01","guid":{"rendered":"http:\/\/ccilc.pt\/en\/?page_id=6980"},"modified":"2021-11-11T13:16:14","modified_gmt":"2021-11-11T13:16:14","slug":"china-ipr-sme-helpdesk","status":"publish","type":"page","link":"https:\/\/ccilc.pt\/en\/china-ipr-sme-helpdesk\/","title":{"rendered":"China IPR SME Helpdesk"},"content":{"rendered":"<p style=\"text-align: center;\"><a href=\"http:\/\/ccilc.pt\/wp-content\/uploads\/2018\/06\/China-IPR.png\"><img loading=\"lazy\" decoding=\"async\" class=\"size-medium wp-image-7513 aligncenter\" src=\"http:\/\/ccilc.pt\/wp-content\/uploads\/2018\/06\/China-IPR-300x87.png\" alt=\"\" width=\"300\" height=\"87\" \/><\/a><\/p>\n<p>&nbsp;<\/p>\n<p>The Portugal-China Chamber of Commerce and Industry (CCILC), in cooperation with China IPR SME Helpdesk, presents this page of documental help to its associates, in all matters related to intelectual property (IP) and the chinese market.<\/p>\n<p>The China IPR SME Helpdesk guarantees its support to European small and medium-sized businesses (SMBs) in protection and reinforcing their IP rights wuth the chinese market though information and free services. This support can also be done through consultive services, confidencially, going beyond guides, reports and articles available online (with free access). For more information on China IPR SME Helpdesk, click <a href=\"http:\/\/www.china-iprhelpdesk.eu\/\">here<\/a>.<\/p>\n<p>INTRODUCTION TO IP IN CHINA:<\/p>\n<ol>\n<li><a href=\"http:\/\/ccilc.pt\/wp-content\/uploads\/2018\/06\/1.-Compreender-PI.pdf\">Understanding IP<\/a><\/li>\n<li><a href=\"http:\/\/ccilc.pt\/wp-content\/uploads\/2018\/06\/2.-Avaliar-a-PIpdf.pdf\">Assess your IP<\/a><\/li>\n<li><a href=\"http:\/\/ccilc.pt\/wp-content\/uploads\/2018\/06\/3.-Patentes.pdf\">Patents<\/a><\/li>\n<li><a href=\"http:\/\/ccilc.pt\/wp-content\/uploads\/2018\/06\/4.-Marcas-Registradas.pdf\">Trademarks<\/a><\/li>\n<li><a href=\"http:\/\/ccilc.pt\/wp-content\/uploads\/2018\/06\/5.-Direitos-de-Autor.pdf\">Copyrights<\/a><\/li>\n<li><a href=\"http:\/\/ccilc.pt\/wp-content\/uploads\/2018\/06\/6.-Aplica\u00e7\u00e3o-Alfandeg\u00e1ria.pdf\">Customs Enforcement<\/a><\/li>\n<li><a href=\"http:\/\/ccilc.pt\/wp-content\/uploads\/2018\/06\/7.-Encontrar-o-Advogado-Certo.pdf\">Finding the Right Lawyer<\/a><\/li>\n<li><a href=\"http:\/\/ccilc.pt\/wp-content\/uploads\/2018\/06\/8.-Apoio-\u00e0s-PMEs-Europeias.pdf\">Support for European SMEs<\/a><\/li>\n<\/ol>\n<p>SUMMARY:<\/p>\n<ul>\n<li><a href=\"https:\/\/www.china-iprhelpdesk.eu\/sites\/china-hd\/files\/public\/Guide_on_Arbitration_and_IP_for_EU_SMEs.pdf\">Guide on Arbitration and IP for EU SMEs<\/a><\/li>\n<li><a href=\"https:\/\/www.china-iprhelpdesk.eu\/sites\/china-hd\/files\/public\/Joint%20International%20Helpdesks%20Trade%20Fair%20Guide.pdf\">Protecting your IP at Trade Fairs<\/a><\/li>\n<li><a href=\"http:\/\/ccilc.pt\/wp-content\/uploads\/2018\/06\/2.Back-to-the-Basics-Series-The-realities-of-doing-business-in-China-\u2013-Copyrights-and-Trade-Marks.pdf\">Back to the Basics Series: the realities of doing business in China \u2013 Copyrights and Trade Marks<\/a><\/li>\n<li><a href=\"http:\/\/ccilc.pt\/wp-content\/uploads\/2018\/06\/China-HD-IP-as-Business-Asset.pdf\">Managing Intellectual Property as a Financial Business Asset in China<\/a><\/li>\n<li><a href=\"http:\/\/ccilc.pt\/wp-content\/uploads\/2018\/06\/3.Shandong\u2019s-Tech-driven-Growth-and-IP-Protection-.pdf\">Shandong\u2019s Tech-driven Growth and IP Protection<\/a><\/li>\n<li><a href=\"http:\/\/ccilc.pt\/wp-content\/uploads\/2018\/06\/Free-Business-Services.pdf\">China HD Free Business Services<\/a><\/li>\n<li><a href=\"http:\/\/ccilc.pt\/wp-content\/uploads\/2018\/06\/Getting-practical-market-monitoring-and-alternative-enforcement-strategies.pdf\">Getting practical; market monitoring and alternative enforcement strategies<\/a><\/li>\n<li><a href=\"http:\/\/ccilc.pt\/wp-content\/uploads\/2018\/06\/Tips-for-protecting-your-IP-in-China-and-South-East-Asia.pdf\">Tips for protecting your IP in China and SEA<\/a><\/li>\n<li><a href=\"http:\/\/ccilc.pt\/wp-content\/uploads\/2018\/06\/CHINA-IP-SME-HELPDESK-Guide-to-IPR-protection-in-China-for-the-wine-and-spirits-sector.pdf\">Guide to IPR protection in China for the wine and spirits sector<\/a><\/li>\n<li><a href=\"http:\/\/ccilc.pt\/wp-content\/uploads\/2018\/06\/CHINA-IP-SME-HELPDESK-Technology-transfer-to-China-guidance-for-businesses.pdf\">Technology transfer to China &#8211; guidance for businesses<\/a><\/li>\n<\/ul>\n<p>LEGISLATION:<\/p>\n<ul>\n<li><a href=\"http:\/\/ccilc.pt\/wp-content\/uploads\/2018\/06\/1The-First-Line-of-Defense-using-Customs-to-Protect-your-IPR-in-China.pdf\">The First Line of Defense: using Customs to Protect your IPR in China<\/a><\/li>\n<li><a href=\"http:\/\/ccilc.pt\/wp-content\/uploads\/2018\/06\/Keeping-trade-secrets-part-II.pdf\">Keeping trade secrets part II<\/a><\/li>\n<\/ul>\n<p>ARTICLES BY SECTOR:<\/p>\n<ul>\n<li><a href=\"http:\/\/ccilc.pt\/wp-content\/uploads\/2018\/06\/2.Trade-Fairs-in-China-Steps-to-Protect-You-IPR.pdf\">Trade Fairs in China Steps to Protect You IPR<\/a><\/li>\n<li><a href=\"http:\/\/ccilc.pt\/wp-content\/uploads\/2018\/06\/3.Intellectual-Property-Protection-in-the-Food-Beverages-Industry-in-China.pdf\">Intellectual Property Protection in the Food &amp; Beverages Industry in China<\/a><\/li>\n<li><a href=\"http:\/\/ccilc.pt\/wp-content\/uploads\/2018\/06\/5.IPR-in-the-Wine-Sector-Regulatory-bodies-and-collective-action-against-counterfeiting.pdf\">IPR in the Wine Sector Regulatory bodies and collective action against counterfeiting<\/a><\/li>\n<li><a href=\"http:\/\/ccilc.pt\/wp-content\/uploads\/2018\/06\/6.IPR-Protection-in-China-for-the-Creative-Industries.pdf\">IPR Protection in China for the Creative Industries<\/a><\/li>\n<li><a href=\"http:\/\/ccilc.pt\/wp-content\/uploads\/2018\/06\/2.How-to-Remove-Counterfeit-Goods-from-E-Commerce-Sites-in-China.pdf\">How to Remove Counterfeit Goods from E-Commerce Sites in China<\/a><\/li>\n<li><a href=\"http:\/\/ccilc.pt\/wp-content\/uploads\/2018\/06\/1.Prevention-not-cure-online-IPR-in-China.pdf\">Prevention not cure: online IPR in China<\/a><\/li>\n<li><a href=\"http:\/\/ccilc.pt\/wp-content\/uploads\/2018\/06\/4.Protection-of-IPR-in-the-Automotive-Industry-in-China.pdf\">Protection of IPR in the Automotive Industry in China<\/a><\/li>\n<li><a href=\"http:\/\/ccilc.pt\/wp-content\/uploads\/2018\/06\/IP-for-Mechanical-Engineering.pdf\">IP for Mechanical Engineering<\/a><\/li>\n<li><a href=\"http:\/\/ccilc.pt\/wp-content\/uploads\/2018\/06\/IP-Protection-in-China-for-the-Cosmetics-Industry.pdf\">IP Protection in China for the Cosmetics Industry<\/a><\/li>\n<li><a href=\"http:\/\/ccilc.pt\/wp-content\/uploads\/2018\/06\/IP-Protection-Strategies-in-China-for-the-Ceramics-Industry.pdf\">IP Protection Strategies in China for the Ceramics Industry<\/a><\/li>\n<li><a href=\"http:\/\/ccilc.pt\/wp-content\/uploads\/2018\/06\/IPR-Fashion-Industry-in-China.pdf\">IPR Fashion Industry in China<\/a><\/li>\n<li><a href=\"http:\/\/ccilc.pt\/wp-content\/uploads\/2018\/06\/IPR-for-GNSS-Technologies.pdf\">IPR for GNSS Technologies<\/a><\/li>\n<li><a href=\"http:\/\/ccilc.pt\/wp-content\/uploads\/2018\/06\/Protecting-your-IP-when-Transferring-Technology-to-China.pdf\">Protecting your IP when Transferring Technology to China<\/a><\/li>\n<li><a href=\"http:\/\/ccilc.pt\/wp-content\/uploads\/2018\/06\/Protecting-interior-design-of-shops.pdf\">Protecting interior design of shops<\/a><\/li>\n<li><a href=\"http:\/\/ccilc.pt\/wp-content\/uploads\/2018\/06\/IPR-Protecton-in-the-Pharmaceutical-Industry.pdf\">IPR Protecton in the Pharmaceutical Industry<\/a><\/li>\n<li><a href=\"http:\/\/ccilc.pt\/wp-content\/uploads\/2018\/06\/IPR-Protection-Strategies-for-ICT-industry.pdf\">IPR Protection Strategies for ICT industry<\/a><\/li>\n<li><a href=\"http:\/\/ccilc.pt\/wp-content\/uploads\/2018\/06\/IPR-in-the-Tourism-Industry-in-China.pdf\">IPR in the Tourism Industry in China<\/a><\/li>\n<li><a href=\"http:\/\/ccilc.pt\/wp-content\/uploads\/2018\/06\/Registering-Top-Level-Domain-names-in-China.pdf\">Registering Top Level Domain names in China<\/a><\/li>\n<li><a href=\"http:\/\/ccilc.pt\/wp-content\/uploads\/2018\/06\/Terroir-IPR-Part-1-Geographical-Indications-and-appellations-of-origin.pdf\">Terroir IPR Part 1 Geographical Indications and appellations of origin<\/a><\/li>\n<li><a href=\"http:\/\/ccilc.pt\/wp-content\/uploads\/2018\/06\/Terroir-IPR-Part-2-Regulatory-bodies-and-collective-action-against-counterfeiting.pdf\">Terroir IPR Part 2 Regulatory bodies and collective action against counterfeiting<\/a><\/li>\n<li><a href=\"http:\/\/ccilc.pt\/wp-content\/uploads\/2018\/06\/Bodega-Branding-Core-IPRs-for-the-wine-industry.pdf\">Bodega Branding &#8211; Core IPRs for the wine industry<\/a><\/li>\n<li><a href=\"http:\/\/ccilc.pt\/wp-content\/uploads\/2018\/06\/Dealing-with-Counterfeiters-in-Chinas-Cosmetics-Market.pdf\">Dealing with Counterfeiters in Chinas Cosmetics Market<\/a><\/li>\n<li><a href=\"http:\/\/ccilc.pt\/wp-content\/uploads\/2018\/06\/Fashion-IPR-China.pdf\">Fashion IPR China<\/a> <a href=\"http:\/\/ccilc.pt\/wp-content\/uploads\/2018\/06\/GIs-in-China.pdf\">GIs in China<\/a><\/li>\n<li><a href=\"http:\/\/ccilc.pt\/wp-content\/uploads\/2018\/06\/How-to-Effectively-Secure-Evidence-at-Trade-Fairs.pdf\">How to Effectively Secure Evidence at Trade Fairs<\/a><\/li>\n<li><a href=\"http:\/\/ccilc.pt\/wp-content\/uploads\/2018\/06\/How-to-Identify-and-Deal-With-IP-Scams-in-China.pdf\">How to Identify and Deal With IP Scams in China<\/a><\/li>\n<li><a href=\"http:\/\/ccilc.pt\/wp-content\/uploads\/2018\/06\/Introduction-to-NDAs-for-manufacturing..pdf\">Introduction to NDAs for manufacturing<\/a><\/li>\n<li><a href=\"http:\/\/ccilc.pt\/wp-content\/uploads\/2018\/06\/IP-for-App-Developers.pdf\">IP for App Developers<\/a> <a href=\"http:\/\/ccilc.pt\/wp-content\/uploads\/2018\/06\/IP-for-Cleantech.pdf\">IP for Cleantech<\/a><\/li>\n<li><a href=\"http:\/\/ccilc.pt\/wp-content\/uploads\/2018\/06\/Thirst-of-the-Dragon-Intro-to-Wine-and-Counterfeiting-in-China.pdf\">Thirst of the Dragon &#8211; Intro to Wine and Counterfeiting in China<\/a><\/li>\n<li><a href=\"http:\/\/ccilc.pt\/wp-content\/uploads\/2018\/06\/CHINA-IP-SME-HELPDESK-Understanding-and-using-Chinas-design-patent.pdf\">Understanding and using China\u2019s design patent<\/a><\/li>\n<li><a href=\"http:\/\/ccilc.pt\/wp-content\/uploads\/2018\/06\/CHINA-IP-SME-HELPDESK-App-protection-in-China.pdf\">App protection in China<\/a><\/li>\n<li><a href=\"http:\/\/ccilc.pt\/wp-content\/uploads\/2018\/06\/CHINA-IP-SME-HELPDESK-Intellectual-property-systems-China-Europe-comparison.pdf\">Intellectual property systems &#8211; China Europe comparison<\/a><\/li>\n<\/ul>\n<p>COPYRIGHT, PATENTS AND BRANDS:<\/p>\n<ul>\n<li><a href=\"http:\/\/ccilc.pt\/wp-content\/uploads\/2018\/06\/1.Bad-Faith-Trade-Mark-Registration-in-China-a-Case-Study-.pdf\">Bad Faith Trade Mark Registration in China: a Case Study<\/a><\/li>\n<li><a href=\"http:\/\/ccilc.pt\/wp-content\/uploads\/2018\/06\/2.Copyright-Protection-in-China-What-you-need-to-Know-1-1.pdf\">Copyright Protection in China: What you need to Know<\/a><\/li>\n<li><a href=\"http:\/\/ccilc.pt\/wp-content\/uploads\/2018\/06\/CHINA-IP-SME-HELPDESK-Understanding-and-using-Chinas-design-patent.pdf\">Understanding and using China\u2019s design patent\u00a0<\/a><\/li>\n<li><a href=\"http:\/\/ccilc.pt\/wp-content\/uploads\/2018\/06\/4.Design-Patents-An-Introduction-to-Protecting-Product-Designs-in-China.pdf\">Design Patents: An Introduction to Protecting Product Designs in China<\/a><\/li>\n<li><a href=\"http:\/\/ccilc.pt\/wp-content\/uploads\/2018\/06\/5.Design-Patents-and-Utility-Models-in-China-Know-Before-you-Go-.pdf\">Design Patents and Utility Models in China: Know Before you Go<\/a><\/li>\n<li><a href=\"http:\/\/ccilc.pt\/wp-content\/uploads\/2018\/06\/6.How-to-Conduct-a-Trade-Mark-Search-in-China.pdf\">How to Conduct a Trade Mark Search in China<\/a><\/li>\n<li><a href=\"http:\/\/ccilc.pt\/wp-content\/uploads\/2018\/06\/3.-Marking-Your-Territory-Choosing-a-Trade-Mark-in-China.pdf\">Marking Your Territory: Choosing a Trade Mark in China<\/a><\/li>\n<li><a href=\"http:\/\/ccilc.pt\/wp-content\/uploads\/2018\/06\/7.Protect-your-Product\u2019s-Design-in-China-Know-before-You-Go.pdf\">Protect your Product\u2019s Design in China: Know before You Go<\/a><\/li>\n<li><a href=\"http:\/\/ccilc.pt\/wp-content\/uploads\/2018\/06\/Patent-Protecion-Know-before-you-Go.pdf\">Patent Protecion &#8211; Know before you Go<\/a><\/li>\n<\/ul>\n<p>CASE STUDIES:<\/p>\n<ul>\n<li><a href=\"http:\/\/ccilc.pt\/wp-content\/uploads\/2018\/06\/3.China-IPR-Case-Study-Enforcing-Against-Counterfeits.pdf\">China IPR Case Study: Enforcing Against Counterfeits<\/a><\/li>\n<li><a href=\"http:\/\/ccilc.pt\/wp-content\/uploads\/2018\/06\/1.IP-Case-Study-Keeping-Trade-Secrets.pdf\">IP Case Study: Keeping Trade Secrets<\/a><\/li>\n<li><a href=\"http:\/\/ccilc.pt\/wp-content\/uploads\/2018\/06\/2.IP-Case-Study-Protecting-Design-and-Innovation-in-China.pdf\">IP Case Study: Protecting Design and Innovation in China<\/a><\/li>\n<li><a href=\"http:\/\/ccilc.pt\/wp-content\/uploads\/2018\/06\/IP-Case-Study-Design-Innovation.pdf\">IP Case Study Design Innovation<\/a><\/li>\n<li><a href=\"http:\/\/ccilc.pt\/wp-content\/uploads\/2018\/06\/Case-Study-Trade-Secrets.pdf\">Case Study Trade Secrets<\/a><\/li>\n<li><a href=\"http:\/\/ccilc.pt\/wp-content\/uploads\/2018\/06\/Medical-Devices-Case-Study.pdf\">Medical Devices Case Study<\/a><\/li>\n<li><a href=\"http:\/\/ccilc.pt\/wp-content\/uploads\/2018\/06\/IP-Enforcement-Case-Study.pdf\">IP Enforcement Case Study<\/a><\/li>\n<li><a href=\"http:\/\/ccilc.pt\/wp-content\/uploads\/2018\/06\/CHINA-IP-SME-HELPDESK-Trade-secret-management.pdf\">Trade secret management<\/a><\/li>\n<\/ul>\n<p>&nbsp;<\/p>\n","protected":false},"excerpt":{"rendered":"<p>&nbsp; The Portugal-China Chamber of Commerce and Industry (CCILC), in cooperation with China IPR SME Helpdesk, presents this page of documental help to its associates, in all matters related to intelectual property (IP) and the<\/p>\n<div class=\"excerpt-more\"><a href=\"https:\/\/ccilc.pt\/en\/china-ipr-sme-helpdesk\/\" class=\"more-link\"> [&hellip;] <span class=\"screen-reader-text\">China IPR SME Helpdesk<\/span><\/a><\/div>\n","protected":false},"author":1,"featured_media":6981,"parent":0,"menu_order":0,"comment_status":"closed","ping_status":"closed","template":"","meta":{"_acf_changed":false,"footnotes":""},"class_list":["post-6980","page","type-page","status-publish","has-post-thumbnail","hentry"],"acf":[],"_links":{"self":[{"href":"https:\/\/ccilc.pt\/en\/wp-json\/wp\/v2\/pages\/6980","targetHints":{"allow":["GET"]}}],"collection":[{"href":"https:\/\/ccilc.pt\/en\/wp-json\/wp\/v2\/pages"}],"about":[{"href":"https:\/\/ccilc.pt\/en\/wp-json\/wp\/v2\/types\/page"}],"author":[{"embeddable":true,"href":"https:\/\/ccilc.pt\/en\/wp-json\/wp\/v2\/users\/1"}],"replies":[{"embeddable":true,"href":"https:\/\/ccilc.pt\/en\/wp-json\/wp\/v2\/comments?post=6980"}],"version-history":[{"count":8,"href":"https:\/\/ccilc.pt\/en\/wp-json\/wp\/v2\/pages\/6980\/revisions"}],"predecessor-version":[{"id":9685,"href":"https:\/\/ccilc.pt\/en\/wp-json\/wp\/v2\/pages\/6980\/revisions\/9685"}],"wp:featuredmedia":[{"embeddable":true,"href":"https:\/\/ccilc.pt\/en\/wp-json\/wp\/v2\/media\/6981"}],"wp:attachment":[{"href":"https:\/\/ccilc.pt\/en\/wp-json\/wp\/v2\/media?parent=6980"}],"curies":[{"name":"wp","href":"https:\/\/api.w.org\/{rel}","templated":true}]}}