{"id":4984,"date":"2017-06-30T15:16:21","date_gmt":"2017-06-30T15:16:21","guid":{"rendered":"https:\/\/ccilc.pt\/cn\/?page_id=4984"},"modified":"2018-02-21T11:50:15","modified_gmt":"2018-02-21T11:50:15","slug":"%e5%b1%95%e4%bc%9a","status":"publish","type":"page","link":"https:\/\/ccilc.pt\/cn\/%e5%b1%95%e4%bc%9a\/","title":{"rendered":"\u5c55\u4f1a"},"content":{"rendered":"<table border=\"1\" cellspacing=\"3\" cellpadding=\"15\" align=\"center\">\n<tbody>\n<tr>\n<td>\n<p class=\"rtecenter\"><strong>DOMOTEX asia\/CHINAFLOOR 2017<\/strong><\/p>\n<p class=\"rtecenter\"><strong>21-23 Mar\u00e7o<\/strong><\/p>\n<\/td>\n<td><\/td>\n<td>DOMOTEX \u00c1sia \/ CHINAFLOOR \u00e9 a principal exposi\u00e7\u00e3o de pavimentos no Pac\u00edfico Asi\u00e1tico e a segunda maior exposi\u00e7\u00e3o de pavimentos em todo o mundo. Como parte do grupo de apresenta\u00e7\u00f5es da DOMOTEX, a DOMOTEX asia \/ CHINAFLOOR destina-se principalmente aos mercados asi\u00e1ticos<\/p>\n<p>Mais informa\u00e7\u00f5es\u00a0<a href=\"https:\/\/www.domotexasiachinafloor.com\/exhibition-profile\" target=\"_blank\" rel=\"noopener noreferrer\">AQUI<\/a><\/td>\n<\/tr>\n<tr>\n<td>\n<p class=\"rtecenter\"><strong>Beijing International Property &amp; Investment Expo 2017<\/strong><\/p>\n<p class=\"rtecenter\"><strong>13-16 Abril<\/strong><\/p>\n<p class=\"rtecenter\">\n<\/td>\n<td><\/td>\n<td>Com a experi\u00eancia de 24 anos em exibi\u00e7\u00e3o, a Beijing International Property &amp; Investment Expo (BIPIE) \u00e9 a maior exposi\u00e7\u00e3o de im\u00f3veis na China e \u00fanica aprovada pela Pequim Comiss\u00e3o Municipal de Habita\u00e7\u00e3o e Desenvolvimento Urbano e Rural de Pequim. BIPIE \u00e9 realizada duas vezes por ano, tanto na Primavera como no Outono, estando dedicada a construir uma plataforma de servi\u00e7o completo para todos os expositores que oferecem im\u00f3veis, terrenos, projectos de imigra\u00e7\u00e3o e de investimento para o mercado chin\u00eas.<\/p>\n<p>&nbsp;<\/p>\n<p>Mais informa\u00e7\u00f5es\u00a0<a href=\"https:\/\/www.chinapropertyexpo.com\/\" target=\"_blank\" rel=\"noopener noreferrer\">AQUI<\/a><\/td>\n<\/tr>\n<tr>\n<td>\n<p class=\"rtecenter\">Feira de Cant\u00e3o<\/p>\n<p class=\"rtecenter\">(Outono)<\/p>\n<p class=\"rtecenter\"><strong>Fase 1: 15-19 Abril<\/strong><\/p>\n<p class=\"rtecenter\"><strong>Fase 2: 23-27 Abril<\/strong><\/p>\n<p class=\"rtecenter\"><strong>Fase 3: 1- 5 Maio<\/strong><\/p>\n<\/td>\n<td><\/td>\n<td>A Feira de Cant\u00e3o, tamb\u00e9m conhecida como \u201cCanton Fair\u201d realizada todos os anos na cidade de Guangzhou, China, foi inaugurada em 1957 e hoje \u00e9 a maior feira multissetorial do mundo. Realizada duas vezes ao ano,\u00a0em abril e em outubro, tem contado cada vez mais com uma variedade de\u00a0expositores e compradores estrangeiros.<\/p>\n<p>&nbsp;<\/p>\n<p>Mais informa\u00e7\u00f5es\u00a0<a href=\"https:\/\/www.cantonfair.org.cn\/en\/\" target=\"_blank\" rel=\"noopener noreferrer\">AQUI<\/a><\/td>\n<\/tr>\n<tr>\n<td>\n<p class=\"rtecenter\"><strong>Aquarama<\/strong><\/p>\n<p class=\"rtecenter\"><strong>26-29\u00a0Maio<\/strong><\/p>\n<\/td>\n<td><\/td>\n<td>Iniciada em 1989 em Singapura, a Aquarama \u00e9 um evento de com\u00e9rcio internacional ocorrendo agora todos os anos em Guangzhou e focando peixes ornamentais e suprimentos para aqu\u00e1rios. Ele cobre a maior parte da cadeia de abastecimento de aqu\u00e1rios e aplica\u00e7\u00f5es (aqu\u00e1rios dom\u00e9sticos, privados, aqu\u00e1rios p\u00fablicos e de zool\u00f3gico, etc.). A feira contar\u00e1 tamb\u00e9m com confer\u00eancias de alto n\u00edvel (Aquarama Forum, semin\u00e1rios p\u00fablicos), competi\u00e7\u00f5es de peixse, masterclass de paisagismo, etc.<\/p>\n<p>&nbsp;<\/p>\n<p>Mais informa\u00e7\u00f5es\u00a0<a href=\"https:\/\/www.aquarama.com.cn\/en\/exhibition-info\/show-facts\/\" target=\"_blank\" rel=\"noopener noreferrer\">AQUI<\/a><\/td>\n<\/tr>\n<tr>\n<td>\n<p class=\"rtecenter\">Beijing Overseas Property, Investment &amp; Immigration 2017<\/p>\n<p class=\"rtecenter\"><strong>16-18 Junho<\/strong><\/p>\n<\/td>\n<td><\/td>\n<td>Esta feira oferece uma grande variedade de ideias para que todos possam participar, sendo uma das exposi\u00e7\u00f5es internacionais de bens im\u00f3veis mais profissional na China. Em apenas tr\u00eas dias, oferece-se a possibilidade de interagir com as personalidades mais relevantes no mercado imobili\u00e1rio, encontrar as melhores oportunidades de investimento, aprender sobre as \u00faltimas tend\u00eancias da ind\u00fastria, encontrar investidores para um produto e, em resumo, fazer neg\u00f3cios.<\/p>\n<p>&nbsp;<\/p>\n<p>Mais informa\u00e7\u00f5es\u00a0<a href=\"https:\/\/www.overseas-property.cn\/overseas\/www\/\" target=\"_blank\" rel=\"noopener noreferrer\">AQUI<\/a><\/td>\n<\/tr>\n<tr>\n<td>\n<p class=\"rtecenter\"><strong>Guangzhou Power Expo 2017<\/strong><\/p>\n<p class=\"rtecenter\"><strong>16-18 Agosto<\/strong><\/p>\n<\/td>\n<td><\/td>\n<td>Na China, a demanda de produtos de energia aumenta de forma constante de ano para ano. Em 2014, a receita da China ao n\u00edvel energ\u00e9tico correspondeu a uns US $ 660 milh\u00f5es (RMB 4,026 bili\u00f5es).<\/p>\n<p>A enorme demanda de mercado atrai muitas marcas famosas internacionais. Se voc\u00ea quiser encontrar fornecedores ou expandir o seu mercado, a China dever\u00e1 ser a primeira escolha.<\/p>\n<p>&nbsp;<\/p>\n<p>Mais informa\u00e7\u00f5es <a href=\"https:\/\/www.bspexpo.com\/en\/index.asp\" target=\"_blank\" rel=\"noopener noreferrer\">AQUI<\/a><\/td>\n<\/tr>\n<tr>\n<td>\n<p class=\"rtecenter\"><strong>Automotive Testing Expo China 2017<\/strong><\/p>\n<p class=\"rtecenter\"><strong>19-21 Setembro<\/strong><\/p>\n<\/td>\n<td><\/td>\n<td>A Automotive Testing Expo China 2017 est\u00e1 definida para capitalizar o r\u00e1pido crescimento nas vendas de autom\u00f3veis novos e a maior necessidade de qualidade e ve\u00edculos mais seguros, reunindo os principais fabricantes de equipamentos de teste do mundo e prestadores de servi\u00e7os de teste numa intensa extravag\u00e2ncia de tr\u00eas dias!<\/p>\n<p>&nbsp;<\/p>\n<p>Mais informa\u00e7\u00f5es <a href=\"https:\/\/www.testing-expo.com\/china\/english\/\" target=\"_blank\" rel=\"noopener noreferrer\">AQUI<\/a><\/p>\n<p>&nbsp;<\/td>\n<\/tr>\n<tr>\n<td>\n<p class=\"rtecenter\"><strong>Medtec China 2017<\/strong><\/p>\n<p class=\"rtecenter\"><strong>20-22 Setembro<\/strong><\/p>\n<\/td>\n<td><\/td>\n<td>&nbsp;<\/p>\n<p>Dispositivos m\u00e9dicos s\u00e3o projetados e fabricados em todo o mundo. Para os fabricantes de dispositivos m\u00e9dicos, a necessidade de encontrar novas tecnologias, materiais, componentes e solu\u00e7\u00f5es de design e de teste para auxiliar o desenvolvimento de produtos de dispositivos m\u00e9dicos \u00e9 incessante. Medtec China \u00e9 parte de uma s\u00e9rie de eventos UBM Manufatura Avan\u00e7ada ocorrendo na Am\u00e9rica do Norte, Europa e \u00c1sia para atender a essa necessidade.<\/p>\n<p>&nbsp;<\/p>\n<p>Mais informa\u00e7\u00f5es <a href=\"https:\/\/www.medtecchina.com\/index.php\/en\" target=\"_blank\" rel=\"noopener noreferrer\">AQUI<\/a><\/td>\n<\/tr>\n<tr>\n<td>\n<p class=\"rtecenter\">Paperworld China 2017<\/p>\n<p class=\"rtecenter\"><strong>21-23 Setembro<\/strong><\/p>\n<\/td>\n<td><\/td>\n<td>Paperworld China \u00e9 a exposi\u00e7\u00e3o de lideran\u00e7a da \u00c1sia, em artigos de papelaria, material de escrit\u00f3rio e ind\u00fastria de artesanato &amp; hobbies. Na feira realizada anualmente no Shanghai New International Expo Centre, vai encontrar uma gama completa de produtos para a escola e escrit\u00f3rio, uma mistura da cultura do leste e oeste, e uma s\u00e9rie de programas informativos compartilhados por especialistas da ind\u00fastria e know-how.<\/p>\n<p>&nbsp;<\/p>\n<p>Mais informa\u00e7\u00f5es\u00a0<a href=\"https:\/\/paperworldchina.hk.messefrankfurt.com\/shanghai\/en\/visitors\/welcome.html\" target=\"_blank\" rel=\"noopener noreferrer\">AQUI<\/a><\/td>\n<\/tr>\n<tr>\n<td>\n<p class=\"rtecenter\">LED China 2017<\/p>\n<p class=\"rtecenter\"><strong>20-22 Setembro<\/strong><\/p>\n<p class=\"rtecenter\">\n<\/td>\n<td><\/td>\n<td>LED China \u00e9 o maior evento do mundo dedicado a toda a cadeia de fornecimento da ind\u00fastria LED e uma plataforma de one-stop para ver produtos LED acabados e componentes de ilumina\u00e7\u00e3o LED, displays, embalagens, materiais, fabrica\u00e7\u00e3o de equipamentos e instrumentos de teste.<\/p>\n<p>&nbsp;<\/p>\n<p>Mais informa\u00e7\u00f5es\u00a0<a href=\"https:\/\/www.ledchina-sh.com\/en-us\/\" target=\"_blank\" rel=\"noopener noreferrer\">AQUI<\/a><\/td>\n<\/tr>\n<tr>\n<td>\n<p class=\"rtecenter\">China International Fair for Investment and Trade (CIFIT) 2017<\/p>\n<p class=\"rtecenter\"><strong>8-11 Setembro<\/strong><\/p>\n<\/td>\n<td><\/td>\n<td>Todos os anos a CIFIT atrai cerca de\u00a016.000 visitantes de todo o mundo, incluindo membros de governos, ag\u00eancias de promo\u00e7\u00e3o de investimento, associa\u00e7\u00f5es empresariais, empresas e multinacionais de mais de 100 pa\u00edses,\u00a0numa feira que se baseia no conceito &#8220;extensive matchmaking&#8221; e nas necessidades pr\u00e1ticas dos participantes e visitantes.<\/p>\n<p>Mais informa\u00e7\u00f5es\u00a0<a href=\"https:\/\/www.chinafair.org.cn\/english\/index\/index.aspx\" target=\"_blank\" rel=\"noopener noreferrer\">AQUI<\/a><\/p>\n<p>&nbsp;<\/td>\n<\/tr>\n<tr>\n<td>\n<p class=\"rtecenter\">Ilope 2017<\/p>\n<p class=\"rtecenter\"><strong>11-13\u00a0Outubro<\/strong><\/p>\n<\/td>\n<td><\/td>\n<td>A Ilope tornou-se no primeiro e principal evento na China para encontrar as oportunidades de neg\u00f3cio, comprar os equipamentos mais recentes e mostrar a sua mais recente tecnologia e equipamentos de optoeletr\u00f3nica e lasers.<\/p>\n<p>&nbsp;<\/p>\n<p>Mais informa\u00e7\u00f5es\u00a0<a href=\"https:\/\/en.ilope-expo.com\/\" target=\"_blank\" rel=\"noopener noreferrer\">AQUI<\/a><\/td>\n<\/tr>\n<tr>\n<td>\n<p class=\"rtecenter\">China Kids Expo &amp; China Toy Expo 2017<\/p>\n<p class=\"rtecenter\"><strong>18 &#8211; 20 Outubro<\/strong><\/p>\n<\/td>\n<td><\/td>\n<td>A decorrer no novo centro de Exposi\u00e7\u00f5es Internacional de Xangai, esta feira \u00e9\u00a0de uma\u00a0das mais relevantes feiras destinadas a\u00a0assess\u00f3rios infantis\u00a0(roupas, brinquedos, etc&#8230;). A edi\u00e7\u00e3o de 2015 contou com cerca de\u00a060.000 visitantes\u00a0e mais de\u00a0500 expositores.<\/p>\n<p>&nbsp;<\/p>\n<p>Mais informa\u00e7\u00f5es\u00a0<a href=\"https:\/\/www.china-toy-expo.com\/en\/\" target=\"_blank\" rel=\"noopener noreferrer\">AQUI<\/a><\/td>\n<\/tr>\n<tr>\n<td>\n<p class=\"rtecenter\">China Yiwu International Commodities Fair (Yiwu Fair) 2017<\/p>\n<p class=\"rtecenter\"><strong>21-25 Outubro\u00a0<\/strong><\/p>\n<\/td>\n<td><\/td>\n<td>China Yiwu International Commodities Fair (Yiwu Fair) tem vindo a ser realizada desde 1995. A Feira de Yiwu em nome do &#8220;dar o rosto ao mundo, servindo toda a na\u00e7\u00e3o&#8221;, como evento altamente internacionalizado e informativo, com excelentes servi\u00e7os e seguran\u00e7a, tornou-se uma das maiores, mais influente e produtiva feira de bens na China. Tornou-se a terceira maior exposi\u00e7\u00e3o patrocinada pelo Minist\u00e9rio do Com\u00e9rcio chin\u00eas e foi homenageada como &#8220;Melhores Feira de Gest\u00e3o na China&#8221;, &#8220;Exposi\u00e7\u00e3o com Melhor Resultados&#8221;, &#8220;Top 10 Exposi\u00e7\u00f5es na China&#8221;, &#8220;Melhor Feira Patrocinada pelo Governo&#8221; e &#8220;Feira com Marcas Mais Influentes&#8221;.<\/p>\n<p>Mais informa\u00e7\u00f5es\u00a0<a href=\"https:\/\/en.yiwufair.com\/aboutfair\/intro\/\" target=\"_blank\" rel=\"noopener noreferrer\">AQUI<\/a><\/td>\n<\/tr>\n<tr>\n<td>\n<p class=\"rtecenter\">CIIF &#8211; China International Industry Fair 2017<\/p>\n<p class=\"rtecenter\"><strong>7-11 Novembro<\/strong><\/p>\n<\/td>\n<td><\/td>\n<td>A CIIF, feira l\u00edder em fabrico de equipamentos na China, \u00e9 organizada conjuntamente pelo Minist\u00e9rio da Ind\u00fastria e Tecnologia da Informa\u00e7\u00e3o, Comiss\u00e3o de Desenvolvimento Nacional e Reforma, Minist\u00e9rio do Com\u00e9rcio, Minist\u00e9rio da Ci\u00eancia e Tecnologia, Academia Chinesa de Ci\u00eancias, Academia Chinesa de Engenharia, Conselho Chin\u00eas para a Promo\u00e7\u00e3o do Com\u00e9rcio Internacional, Organiza\u00e7\u00e3o de Desenvolvimento Industrial das Na\u00e7\u00f5es Unidas e de Governo Popular Municipal de Shanghai, co-organizada pela Federa\u00e7\u00e3o da Ind\u00fastria de M\u00e1quinas da China e gerido pela Shanghai East Best &amp; Lansheng International (Group) Co., Ltd.<\/p>\n<p>&nbsp;<\/p>\n<p>Mais informa\u00e7\u00f5es\u00a0<a href=\"https:\/\/www.ciif-expo.com\/en\/\" target=\"_blank\" rel=\"noopener noreferrer\">AQUI<\/a><\/td>\n<\/tr>\n<tr>\n<td>\n<p class=\"rtecenter\">FHC China 2017<\/p>\n<p class=\"rtecenter\"><strong>14-16\u00a0Novembro<\/strong><\/p>\n<\/td>\n<td><\/td>\n<td>Das mais relevantes feiras de alimentos e hospitalidade\/com\u00e9rcio da China.<\/p>\n<p>Mais informa\u00e7\u00f5es\u00a0<a href=\"https:\/\/www.fhcchina.com\/en\/index.asp\" target=\"_blank\" rel=\"noopener noreferrer\">AQUI<\/a><\/td>\n<\/tr>\n<tr>\n<td>\n<p class=\"rtecenter\">The 39th\u00a0China International Furniture Fair (Guangzhou) 2017<\/p>\n<p class=\"rtecenter\"><strong>27-30\u00a0Novembro<\/strong><\/p>\n<\/td>\n<td><\/td>\n<td>Fundada em 1998, China International Furniture Fair j\u00e1 realizou 38 sess\u00f5es com sucesso. Todos os anos a edi\u00e7\u00e3o da primavera em Guangzhou conecta mais de 3900 marcas l\u00edderes mundiais com mais de 170.000 profissionais participantes de 200 pa\u00edses e regi\u00f5es, criando um imenso valor para a ind\u00fastria\u00a0internacional\u00a0de m\u00f3veis .<\/p>\n<p>Mais informa\u00e7\u00f5es\u00a0<a href=\"https:\/\/www.ciff-gz.com\/en\/\" target=\"_blank\" rel=\"noopener noreferrer\">AQUI<\/a><\/td>\n<\/tr>\n<tr>\n<td>\n<p class=\"rtecenter\">TIM Expo Shanghai 2017<\/p>\n<p class=\"rtecenter\"><strong>4-6 Dezembro<\/strong><\/p>\n<\/td>\n<td><\/td>\n<td>Fundada em 2003, a Exposi\u00e7\u00e3o Internacional de Materiais de Isolamento T\u00e9rmico (TIM) est\u00e1 empenhada em expandir os usu\u00e1rios finais em todo o mundo e os grupos de compradores profissionais atrav\u00e9s de atualiza\u00e7\u00e3o cont\u00ednua de servi\u00e7os e melhoria da qualidade.<\/p>\n<p>&nbsp;<\/p>\n<p>Mais informa\u00e7\u00f5es\u00a0<a href=\"https:\/\/www.timexpochina.com\/en\/index.html\" target=\"_blank\" rel=\"noopener noreferrer\">AQUI<\/a><\/td>\n<\/tr>\n<tr>\n<td>\n<p class=\"rtecenter\">Asiamold 2018<\/p>\n<p class=\"rtecenter\">(Cant\u00e3o)<\/p>\n<p class=\"rtecenter\"><strong>4-6 Mar\u00e7o<\/strong><\/p>\n<\/td>\n<td><\/td>\n<td>Asiamold tornou-se um dos mais importantes locais de marketing e com\u00e9rcio para os intervenientes do mercado dos moldes e tinta, e goza de grande aten\u00e7\u00e3o por parte dos profissionais de todo o mundo.<\/p>\n<p>&nbsp;<\/p>\n<p>Mais informa\u00e7\u00f5es\u00a0<a href=\"https:\/\/www.asiamold-china.com\/guangzhou\/en\/visitors\/welcome.html\" target=\"_blank\" rel=\"noopener noreferrer\">AQUI<\/a><\/td>\n<\/tr>\n<tr>\n<td>\n<p class=\"rtecenter\">Intertextile Shanghai Apparel Fabrics 2018<\/p>\n<p class=\"rtecenter\"><strong>15-17 de Mar\u00e7o<\/strong><\/p>\n<\/td>\n<td><\/td>\n<td>A Intertextile Shanghai \u00e9 uma plataforma abrangente para apresentar os seus tecidos para vestu\u00e1rio e acess\u00f3rios. H\u00e1 muitas chances de neg\u00f3cios para atender potencial o cliente, explorar novas oportunidades de mercado, aprender sobre as tend\u00eancias da pr\u00f3xima esta\u00e7\u00e3o e agregar valor ao seu neg\u00f3cio. \u00c9 atualmente um dos maiores e mais abrangentes exposi\u00e7\u00f5es de tecidos para vestu\u00e1rio e acess\u00f3rios do mundo.<\/p>\n<p>&nbsp;<\/p>\n<p>Mais informa\u00e7\u00f5es\u00a0<a href=\"https:\/\/intertextile-shanghai-apparel-fabrics-spring.hk.messefrankfurt.com\/shanghai\/en\/visitors\/welcome.html\" target=\"_blank\" rel=\"noopener noreferrer\">AQUI<\/a><\/td>\n<\/tr>\n<tr>\n<td>\n<p class=\"rtecenter\">Wire China 2018<\/p>\n<p class=\"rtecenter\"><strong>26-29 Setembro\u00a0<\/strong><\/p>\n<\/td>\n<td><\/td>\n<td>A Wire China, co-organizada e desenvolvida em conjunto com a Messe D\u00fcsseldorf tornou-se a principal feira de seu tipo na \u00c1sia, n\u00e3o apenas na escala de exposi\u00e7\u00f5es, mas tamb\u00e9m pela sua influ\u00eancia internacional.<\/p>\n<p>&nbsp;<\/p>\n<p>Mais informa\u00e7\u00f5es\u00a0<a href=\"https:\/\/www.wirechina.net\/?list-455.html\" target=\"_blank\" rel=\"noopener noreferrer\">AQUI<\/a><\/td>\n<\/tr>\n<tr>\n<td>\n<p class=\"rtecenter\">All in Print China 2018<\/p>\n<p class=\"rtecenter\"><strong>24-28 Outubro<\/strong><\/p>\n<\/td>\n<td><\/td>\n<td>A All Print China \u00e9 um dos eventos mais importantes na ind\u00fastria de impress\u00e3o na China. A exposi\u00e7\u00e3o \u00e9 organizada em conjunto pela Messe D\u00fcsseldorf (Shanghai) Co., Ltd., a Printing Technology Association of China e China Academy of Printing Technology.<\/p>\n<p>&nbsp;<\/p>\n<p>Mais informa\u00e7\u00f5es\u00a0<a href=\"https:\/\/www.allinprint.com\/en\/\" target=\"_blank\" rel=\"noopener noreferrer\">AQUI<\/a><\/td>\n<\/tr>\n<tr>\n<td>\n<p class=\"rtecenter\">Analytica China 2018<\/p>\n<p class=\"rtecenter\"><strong>31 de\u00a0Outubro-02 de Novembro<\/strong><\/p>\n<\/td>\n<td><\/td>\n<td>A Analytica China \u00e9 uma Feira Internacional de tecnologia de laborat\u00f3rio, an\u00e1lise e biotecnologia na China. O perfil de exposi\u00e7\u00e3o \u00fanica une todos os temas que dizem respeito \u00e0 an\u00e1lise moderna em pesquisa e ind\u00fastria. Os diversos sectores de exposi\u00e7\u00f5es dar-lhe-\u00e3o uma vis\u00e3o abrangente do mercado. Realizar-se-\u00e3o ainda a confer\u00eancia analytica cient\u00edfica e os tutoriais de acompanhamento.<\/p>\n<p>&nbsp;<\/p>\n<p>Mais informa\u00e7\u00f5es\u00a0<a href=\"https:\/\/www.analyticachina.com\/\" target=\"_blank\" rel=\"noopener noreferrer\">AQUI<\/a><\/td>\n<\/tr>\n<tr>\n<td>\n<p class=\"rtecenter\">Bauma China\u200b 2018<\/p>\n<p class=\"rtecenter\"><strong>27-30\u00a0Novembro<\/strong><\/p>\n<\/td>\n<td><\/td>\n<td>Com quase 200.000 visitantes a Bauma China trata-se de uma refer\u00eancia no sector da constru\u00e7\u00e3o. A\u00a09\u00aa Feira internacional de\u00a0M\u00e1quinas e Materiais de Constru\u00e7\u00e3o\u00a0ir\u00e1 decorrer em Xangai.<\/p>\n<p>Mais informa\u00e7\u00f5es\u00a0<a href=\"https:\/\/www.bauma-china.com\/\" target=\"_blank\" rel=\"noopener noreferrer\">AQUI<\/a><\/td>\n<\/tr>\n<\/tbody>\n<\/table>\n","protected":false},"excerpt":{"rendered":"<p>DOMOTEX asia\/CHINAFLOOR 2017 21-23 Mar\u00e7o DOMOTEX \u00c1sia \/ CHINAFLOOR \u00e9 a principal exposi\u00e7\u00e3o de pavimentos no Pac\u00edfico Asi\u00e1tico e a segunda maior exposi\u00e7\u00e3o de pavimentos em todo o mundo. Como parte do grupo de apresenta\u00e7\u00f5es<\/p>\n<div class=\"excerpt-more\"><a href=\"https:\/\/ccilc.pt\/cn\/%e5%b1%95%e4%bc%9a\/\" class=\"more-link\"> [&hellip;] <span class=\"screen-reader-text\">\u5c55\u4f1a<\/span><\/a><\/div>\n","protected":false},"author":1,"featured_media":0,"parent":0,"menu_order":0,"comment_status":"closed","ping_status":"closed","template":"","meta":{"_acf_changed":false,"footnotes":""},"class_list":["post-4984","page","type-page","status-publish","hentry"],"acf":[],"_links":{"self":[{"href":"https:\/\/ccilc.pt\/cn\/wp-json\/wp\/v2\/pages\/4984","targetHints":{"allow":["GET"]}}],"collection":[{"href":"https:\/\/ccilc.pt\/cn\/wp-json\/wp\/v2\/pages"}],"about":[{"href":"https:\/\/ccilc.pt\/cn\/wp-json\/wp\/v2\/types\/page"}],"author":[{"embeddable":true,"href":"https:\/\/ccilc.pt\/cn\/wp-json\/wp\/v2\/users\/1"}],"replies":[{"embeddable":true,"href":"https:\/\/ccilc.pt\/cn\/wp-json\/wp\/v2\/comments?post=4984"}],"version-history":[{"count":5,"href":"https:\/\/ccilc.pt\/cn\/wp-json\/wp\/v2\/pages\/4984\/revisions"}],"predecessor-version":[{"id":6842,"href":"https:\/\/ccilc.pt\/cn\/wp-json\/wp\/v2\/pages\/4984\/revisions\/6842"}],"wp:attachment":[{"href":"https:\/\/ccilc.pt\/cn\/wp-json\/wp\/v2\/media?parent=4984"}],"curies":[{"name":"wp","href":"https:\/\/api.w.org\/{rel}","templated":true}]}}